{"id":112,"date":"2023-12-09T01:27:24","date_gmt":"2023-12-09T01:27:24","guid":{"rendered":"https:\/\/sociedadargentina.org\/?page_id=112"},"modified":"2025-02-17T16:07:53","modified_gmt":"2025-02-17T19:07:53","slug":"socios","status":"publish","type":"page","link":"https:\/\/sociedadargentina.org\/index.php\/socios\/","title":{"rendered":"Socios"},"content":{"rendered":"\t\t<div data-elementor-type=\"wp-page\" data-elementor-id=\"112\" class=\"elementor elementor-112\">\n\t\t\t\t<div class=\"elementor-element elementor-element-3a92899d e-flex e-con-boxed e-con e-parent\" data-id=\"3a92899d\" data-element_type=\"container\">\n\t\t\t\t\t<div class=\"e-con-inner\">\n\t\t<div class=\"elementor-element elementor-element-dbe550f e-flex e-con-boxed e-con e-child\" data-id=\"dbe550f\" data-element_type=\"container\">\n\t\t\t\t\t<div class=\"e-con-inner\">\n\t\t\t\t<div class=\"elementor-element elementor-element-8fca6cb elementor-widget elementor-widget-counter\" data-id=\"8fca6cb\" data-element_type=\"widget\" data-widget_type=\"counter.default\">\n\t\t\t\t<div class=\"elementor-widget-container\">\n\t\t\t\t\t\t\t<div class=\"elementor-counter\">\n\t\t\t<div class=\"elementor-counter-title\">Formaciones Avaladas<\/div>\t\t\t<div class=\"elementor-counter-number-wrapper\">\n\t\t\t\t<span class=\"elementor-counter-number-prefix\">+<\/span>\n\t\t\t\t<span class=\"elementor-counter-number\" data-duration=\"2000\" data-to-value=\"750\" data-from-value=\"0\" data-delimiter=\",\">0<\/span>\n\t\t\t\t<span class=\"elementor-counter-number-suffix\"><\/span>\n\t\t\t<\/div>\n\t\t<\/div>\n\t\t\t\t\t\t<\/div>\n\t\t\t\t<\/div>\n\t\t\t\t<div class=\"elementor-element elementor-element-e4f917e elementor-widget elementor-widget-counter\" data-id=\"e4f917e\" data-element_type=\"widget\" data-widget_type=\"counter.default\">\n\t\t\t\t<div class=\"elementor-widget-container\">\n\t\t\t\t\t\t\t<div class=\"elementor-counter\">\n\t\t\t<div class=\"elementor-counter-title\">Socios en todo el pa\u00eds<\/div>\t\t\t<div class=\"elementor-counter-number-wrapper\">\n\t\t\t\t<span class=\"elementor-counter-number-prefix\">+<\/span>\n\t\t\t\t<span class=\"elementor-counter-number\" data-duration=\"2000\" data-to-value=\"400\" data-from-value=\"0\" data-delimiter=\",\">0<\/span>\n\t\t\t\t<span class=\"elementor-counter-number-suffix\"><\/span>\n\t\t\t<\/div>\n\t\t<\/div>\n\t\t\t\t\t\t<\/div>\n\t\t\t\t<\/div>\n\t\t\t\t<div class=\"elementor-element elementor-element-9f40238 elementor-widget elementor-widget-counter\" data-id=\"9f40238\" data-element_type=\"widget\" data-widget_type=\"counter.default\">\n\t\t\t\t<div class=\"elementor-widget-container\">\n\t\t\t\t\t\t\t<div class=\"elementor-counter\">\n\t\t\t<div class=\"elementor-counter-title\">Certificaciones Otorgadas<\/div>\t\t\t<div class=\"elementor-counter-number-wrapper\">\n\t\t\t\t<span class=\"elementor-counter-number-prefix\">+<\/span>\n\t\t\t\t<span class=\"elementor-counter-number\" data-duration=\"2000\" data-to-value=\"7000\" data-from-value=\"0\" data-delimiter=\",\">0<\/span>\n\t\t\t\t<span class=\"elementor-counter-number-suffix\"><\/span>\n\t\t\t<\/div>\n\t\t<\/div>\n\t\t\t\t\t\t<\/div>\n\t\t\t\t<\/div>\n\t\t\t\t\t<\/div>\n\t\t\t\t<\/div>\n\t\t\t\t<div class=\"elementor-element elementor-element-714bd2f8 elementor-widget elementor-widget-text-editor\" data-id=\"714bd2f8\" data-element_type=\"widget\" data-widget_type=\"text-editor.default\">\n\t\t\t\t<div class=\"elementor-widget-container\">\n\t\t\t\t\t\t\t\t\t<p><\/p>\n<p>En la SADP, nos enorgullece presentar a nuestra red de asociados que supera hoy los 550 profesionales provenientes de todas las regiones de Argentina. Nuestra comunidad es un vibrante mosaico de talento y diversidad, abarcando diversas provincias y especialidades, unidos por un compromiso compartido con el desarrollo profesional y la excelencia.<\/p>\n<p><\/p>\n<p><\/p>\n<p>Cada uno de nuestros asociados aporta una perspectiva \u00fanica y valiosa, enriqueciendo la experiencia de aprendizaje y crecimiento que ofrecemos. Desde expertos en \u00e1reas t\u00e9cnicas hasta l\u00edderes en campos especializados, nuestra red es un testimonio de la riqueza y la amplitud del panorama profesional argentino.<\/p>\n<p>\u00a0<\/p>\n<p><\/p>\n<p><\/p>\n<p><\/p>\n<p><\/p>\n<details class=\"wp-block-details is-layout-flow wp-block-details-is-layout-flow\">\n<summary>Buenos Aires<\/summary>\n<p><\/p>\n<ul class=\"wp-block-list\">\n<li style=\"list-style-type: none;\">\n<ul><\/ul>\n<\/li>\n<\/ul>\n<p>\u00a0<\/p>\n<ul>\n<li style=\"list-style-type: none;\">\n<ul>\n<li>Escuela de M\u00fasica<\/li>\n<\/ul>\n<\/li>\n<\/ul>\n<p><\/p>\n<p><\/p>\n<ul>\n<li style=\"list-style-type: none;\">\n<ul>\n<li>La coursera.<\/li>\n<\/ul>\n<\/li>\n<\/ul>\n<p><\/p>\n<p><\/p>\n<ul>\n<li style=\"list-style-type: none;\">\n<ul>\n<li>Walden 2.0.<\/li>\n<li>Corona Diesel<\/li>\n<\/ul>\n<\/li>\n<\/ul>\n<p><\/p>\n<p><\/p>\n<ul>\n<li style=\"list-style-type: none;\">\n<ul>\n<li>Danzas cl\u00e1sicas Moneur.<\/li>\n<\/ul>\n<\/li>\n<\/ul>\n<p><\/p>\n<p><\/p>\n<ul>\n<li style=\"list-style-type: none;\">\n<ul>\n<li>U.A.T. LAB<\/li>\n<\/ul>\n<\/li>\n<\/ul>\n<p><\/p>\n<p><\/p>\n<ul>\n<li style=\"list-style-type: none;\">\n<ul>\n<li>Escuela de Arte y Dise\u00f1o &#8220;Arco Iris&#8221;<\/li>\n<li>Psicopedagog\u00eda en Red.<\/li>\n<\/ul>\n<\/li>\n<\/ul>\n<p><\/p>\n<p><\/p>\n<ul>\n<li style=\"list-style-type: none;\">\n<ul>\n<li>\n<div class=\"x9f619 xjbqb8w x168nmei x13lgxp2 x5pf9jr xo71vjh x1uhb9sk x1plvlek xryxfnj x1c4vz4f x2lah0s x1q0g3np xqjyukv x1oa3qoh x6s0dn4 x78zum5 x1b8z93w x1amjocr xl56j7k\"><span class=\"x1lliihq x1plvlek xryxfnj x1n2onr6 x193iq5w xeuugli x1fj9vlw x13faqbe x1vvkbs x1s928wv xhkezso x1gmr53x x1cpjm7i x1fgarty x1943h6x x1i0vuye xvs91rp x1s688f x5n08af x10wh9bi x1wdrske x8viiok x18hxmgj\" dir=\"auto\">Laboratorio de Extraccionistas.<\/span><\/div>\n<\/li>\n<li>Secretos del Alma.<\/li>\n<\/ul>\n<\/li>\n<\/ul>\n<p><\/p>\n<p><\/p>\n<ul>\n<li style=\"list-style-type: none;\">\n<ul>\n<li>Imparare l&#8217;italiano.<\/li>\n<li>TECPEOPLE<\/li>\n<\/ul>\n<\/li>\n<\/ul>\n<p><\/p>\n<p><\/p>\n<ul>\n<li style=\"list-style-type: none;\">\n<ul>\n<li>Escuela de Negocios &#8220;Estrategia Empresarial&#8221;<\/li>\n<\/ul>\n<\/li>\n<\/ul>\n<p><\/p>\n<p><\/p>\n<ul>\n<li style=\"list-style-type: none;\">\n<ul>\n<li>Academia de Ciencias de la Salud &#8220;Biosalud&#8221;<\/li>\n<\/ul>\n<\/li>\n<\/ul>\n<p><\/p>\n<p><\/p>\n<ul>\n<li style=\"list-style-type: none;\">\n<ul>\n<li>Parla con me Italiano<\/li>\n<\/ul>\n<\/li>\n<\/ul>\n<p><\/p>\n<p><\/p>\n<ul>\n<li style=\"list-style-type: none;\">\n<ul>\n<li>Coste BIM Arquitectura.<\/li>\n<li>LeadinUp &#8211; Training &amp; Consulting.<\/li>\n<\/ul>\n<\/li>\n<\/ul>\n<p><\/p>\n<p><\/p>\n<ul>\n<li style=\"list-style-type: none;\">\n<ul>\n<li>R\u00facula Digital Academy.<\/li>\n<\/ul>\n<\/li>\n<\/ul>\n<p><\/p>\n<p><\/p>\n<ul>\n<li style=\"list-style-type: none;\">\n<ul>\n<li>\n<div class=\"page\" title=\"Page 1\">\n<div class=\"section\">\n<div class=\"layoutArea\">\n<div class=\"column\">\n<p>ITALGUE\u0301S<\/p>\n<\/div>\n<\/div>\n<\/div>\n<\/div>\n<\/li>\n<\/ul>\n<\/li>\n<\/ul>\n<p><\/p>\n<p><\/p>\n<\/details>\n<p><\/p>\n<p><\/p>\n<details class=\"wp-block-details is-layout-flow wp-block-details-is-layout-flow\">\n<summary>Catamarca<\/summary>\n<p><\/p>\n<ul class=\"wp-block-list\">\n<li style=\"list-style-type: none;\">\n<ul><\/ul>\n<\/li>\n<\/ul>\n<p>\u00a0<\/p>\n<ul>\n<li style=\"list-style-type: none;\">\n<ul>\n<li>Instituto de Desarrollo Tecnol\u00f3gico &#8220;CatamarcaInnova&#8221;<\/li>\n<\/ul>\n<\/li>\n<\/ul>\n<p><\/p>\n<p><\/p>\n<ul>\n<li style=\"list-style-type: none;\">\n<ul>\n<li>Escuela de Artes Visuales &#8220;PinturasAndinas&#8221;<\/li>\n<\/ul>\n<\/li>\n<\/ul>\n<p><\/p>\n<p><\/p>\n<ul>\n<li style=\"list-style-type: none;\">\n<ul>\n<li>Centro Culinario &#8220;AromasCat&#8221;<\/li>\n<\/ul>\n<\/li>\n<\/ul>\n<p><\/p>\n<p><\/p>\n<ul>\n<li style=\"list-style-type: none;\">\n<ul>\n<li>Instituto de Idiomas &#8220;LinguaAndina&#8221;<\/li>\n<\/ul>\n<\/li>\n<\/ul>\n<p><\/p>\n<p><\/p>\n<ul>\n<li style=\"list-style-type: none;\">\n<ul>\n<li>Escuela de Emprendimiento &#8220;EmprendeCatamarca&#8221;<\/li>\n<\/ul>\n<\/li>\n<\/ul>\n<p><\/p>\n<p><\/p>\n<ul>\n<li style=\"list-style-type: none;\">\n<ul>\n<li>Academia de Ciencias M\u00e9dicas &#8220;SaludAndina&#8221;<\/li>\n<\/ul>\n<\/li>\n<\/ul>\n<p><\/p>\n<p><\/p>\n<ul>\n<li style=\"list-style-type: none;\">\n<ul>\n<li>Centro de Inform\u00e1tica &#8220;CataInf\u00f3rmatica&#8221;<\/li>\n<\/ul>\n<\/li>\n<\/ul>\n<p><\/p>\n<p><\/p>\n<ul>\n<li style=\"list-style-type: none;\">\n<ul>\n<li>Conservatorio Musical &#8220;Melod\u00edas del Valle&#8221;<\/li>\n<\/ul>\n<\/li>\n<\/ul>\n<p><\/p>\n<p><\/p>\n<ul>\n<li style=\"list-style-type: none;\">\n<ul>\n<li>Instituto Ambiental &#8220;EcoValle&#8221;<\/li>\n<\/ul>\n<\/li>\n<\/ul>\n<p><\/p>\n<p><\/p>\n<ul>\n<li style=\"list-style-type: none;\">\n<ul>\n<li>Academia Deportiva &#8220;DeporteAndino&#8221;<\/li>\n<\/ul>\n<\/li>\n<\/ul>\n<p><\/p>\n<p><\/p>\n<\/details>\n<p><\/p>\n<p><\/p>\n<details class=\"wp-block-details is-layout-flow wp-block-details-is-layout-flow\">\n<summary>Chaco<\/summary>\n<p><\/p>\n<ul class=\"wp-block-list\">\n<li style=\"list-style-type: none;\">\n<ul><\/ul>\n<\/li>\n<\/ul>\n<p>\u00a0<\/p>\n<ul>\n<li style=\"list-style-type: none;\">\n<ul>\n<li>Instituto de Innovaci\u00f3n Tecnol\u00f3gica &#8220;ChacoInnova&#8221;<\/li>\n<\/ul>\n<\/li>\n<\/ul>\n<p><\/p>\n<p><\/p>\n<ul>\n<li style=\"list-style-type: none;\">\n<ul>\n<li>Escuela de Artes Esc\u00e9nicas &#8220;Expresi\u00f3n del Norte&#8221;<\/li>\n<\/ul>\n<\/li>\n<\/ul>\n<p><\/p>\n<p><\/p>\n<ul>\n<li style=\"list-style-type: none;\">\n<ul>\n<li>Centro Gastron\u00f3mico &#8220;Aromas del Litoral&#8221;<\/li>\n<\/ul>\n<\/li>\n<\/ul>\n<p><\/p>\n<p><\/p>\n<ul>\n<li style=\"list-style-type: none;\">\n<ul>\n<li>Instituto de Idiomas &#8220;LinguaChaque\u00f1a&#8221;<\/li>\n<\/ul>\n<\/li>\n<\/ul>\n<p><\/p>\n<p><\/p>\n<ul>\n<li style=\"list-style-type: none;\">\n<ul>\n<li>Escuela de Emprendedores &#8220;EmprendeLitoral&#8221;<\/li>\n<\/ul>\n<\/li>\n<\/ul>\n<p><\/p>\n<p><\/p>\n<ul>\n<li style=\"list-style-type: none;\">\n<ul>\n<li>Academia de Ciencias de la Salud &#8220;Salud del Norte&#8221;<\/li>\n<\/ul>\n<\/li>\n<\/ul>\n<p><\/p>\n<p><\/p>\n<ul>\n<li style=\"list-style-type: none;\">\n<ul>\n<li>Centro de Tecnolog\u00edas de la Informaci\u00f3n &#8220;ByteLitoral&#8221;<\/li>\n<\/ul>\n<\/li>\n<\/ul>\n<p><\/p>\n<p><\/p>\n<ul>\n<li style=\"list-style-type: none;\">\n<ul>\n<li>Conservatorio de M\u00fasica &#8220;Melod\u00edas del Chaco&#8221;<\/li>\n<\/ul>\n<\/li>\n<\/ul>\n<p><\/p>\n<p><\/p>\n<\/details>\n<p><\/p>\n<p><\/p>\n<details class=\"wp-block-details is-layout-flow wp-block-details-is-layout-flow\">\n<summary>Chubut<\/summary>\n<p><\/p>\n<ul class=\"wp-block-list\">\n<li style=\"list-style-type: none;\">\n<ul><\/ul>\n<\/li>\n<\/ul>\n<p>\u00a0<\/p>\n<ul>\n<li style=\"list-style-type: none;\">\n<ul>\n<li>Instituto de Desarrollo Tecnol\u00f3gico &#8220;ChubutTec&#8221;<\/li>\n<\/ul>\n<\/li>\n<\/ul>\n<p><\/p>\n<p><\/p>\n<ul>\n<li style=\"list-style-type: none;\">\n<ul>\n<li>Escuela de Artes Visuales &#8220;ArteSur&#8221;<\/li>\n<\/ul>\n<\/li>\n<\/ul>\n<p><\/p>\n<p><\/p>\n<ul>\n<li style=\"list-style-type: none;\">\n<ul>\n<li>Centro Gastron\u00f3mico &#8220;Sabores Patag\u00f3nicos&#8221;<\/li>\n<\/ul>\n<\/li>\n<\/ul>\n<p><\/p>\n<p><\/p>\n<ul>\n<li style=\"list-style-type: none;\">\n<ul>\n<li>Instituto de Idiomas &#8220;LinguaPatagonia&#8221;<\/li>\n<\/ul>\n<\/li>\n<\/ul>\n<p><\/p>\n<p><\/p>\n<ul>\n<li style=\"list-style-type: none;\">\n<ul>\n<li>Escuela de Emprendimiento &#8220;EmprendeSur&#8221;<\/li>\n<\/ul>\n<\/li>\n<\/ul>\n<p><\/p>\n<p><\/p>\n<ul>\n<li style=\"list-style-type: none;\">\n<ul>\n<li>Academia de Ciencias Marinas &#8220;MarPatagonia&#8221;<\/li>\n<\/ul>\n<\/li>\n<\/ul>\n<p><\/p>\n<p><\/p>\n<\/details>\n<p><\/p>\n<p><\/p>\n<details class=\"wp-block-details is-layout-flow wp-block-details-is-layout-flow\">\n<summary>C\u00f3rdoba<\/summary>\n<p><\/p>\n<ul class=\"wp-block-list\">\n<li style=\"list-style-type: none;\">\n<ul><\/ul>\n<\/li>\n<\/ul>\n<p>\u00a0<\/p>\n<ul>\n<li style=\"list-style-type: none;\">\n<ul>\n<li>Escuela de Arte y Dise\u00f1o &#8220;CreativaC\u00f3rdoba&#8221;<\/li>\n<\/ul>\n<\/li>\n<\/ul>\n<p><\/p>\n<p><\/p>\n<ul>\n<li style=\"list-style-type: none;\">\n<ul>\n<li>Centro Gastron\u00f3mico &#8220;SaborCordob\u00e9s&#8221;<\/li>\n<\/ul>\n<\/li>\n<\/ul>\n<p><\/p>\n<p><\/p>\n<ul>\n<li style=\"list-style-type: none;\">\n<ul>\n<li>Instituto de Idiomas &#8220;LinguaC\u00f3rdoba&#8221;<\/li>\n<\/ul>\n<\/li>\n<\/ul>\n<p><\/p>\n<p><\/p>\n<ul>\n<li style=\"list-style-type: none;\">\n<ul>\n<li>Escuela de Negocios &#8220;EmprendeC\u00f3rdoba&#8221;<\/li>\n<\/ul>\n<\/li>\n<\/ul>\n<p><\/p>\n<p><\/p>\n<ul>\n<li style=\"list-style-type: none;\">\n<ul>\n<li>Academia de Ciencias de la Salud &#8220;SaludC\u00f3rdoba&#8221;<\/li>\n<\/ul>\n<\/li>\n<\/ul>\n<p><\/p>\n<p><\/p>\n<ul>\n<li style=\"list-style-type: none;\">\n<ul>\n<li>Centro de Formaci\u00f3n en Inform\u00e1tica &#8220;ByteC\u00f3rdoba&#8221;<\/li>\n<\/ul>\n<\/li>\n<\/ul>\n<p><\/p>\n<p><\/p>\n<ul>\n<li style=\"list-style-type: none;\">\n<ul>\n<li>Conservatorio de M\u00fasica &#8220;Sonidos Sierras&#8221;<\/li>\n<\/ul>\n<\/li>\n<\/ul>\n<p><\/p>\n<p><\/p>\n<ul>\n<li style=\"list-style-type: none;\">\n<ul>\n<li>Instituto Ambiental &#8220;EcoC\u00f3rdoba&#8221;<\/li>\n<\/ul>\n<\/li>\n<\/ul>\n<p><\/p>\n<p><\/p>\n<ul>\n<li style=\"list-style-type: none;\">\n<ul>\n<li>Academia Deportiva &#8220;DeporteC\u00f3rdoba&#8221;<\/li>\n<\/ul>\n<\/li>\n<\/ul>\n<p><\/p>\n<p><\/p>\n<ul>\n<li style=\"list-style-type: none;\">\n<ul>\n<li>Instituto de Agricultura Sustentable &#8220;AgroSostenible&#8221;<\/li>\n<\/ul>\n<\/li>\n<\/ul>\n<p><\/p>\n<p><\/p>\n<ul>\n<li style=\"list-style-type: none;\">\n<ul>\n<li>Escuela de Fotograf\u00eda &#8220;Instant\u00e1neaC\u00f3rdoba&#8221;<\/li>\n<\/ul>\n<\/li>\n<\/ul>\n<p><\/p>\n<p><\/p>\n<ul>\n<li style=\"list-style-type: none;\">\n<ul>\n<li>Centro de Estudios Literarios &#8220;Palabras Cordobesas&#8221;<\/li>\n<\/ul>\n<\/li>\n<\/ul>\n<p><\/p>\n<p><\/p>\n<ul>\n<li style=\"list-style-type: none;\">\n<ul>\n<li>Instituto de Moda &#8220;EstiloC\u00f3rdoba&#8221;<\/li>\n<\/ul>\n<\/li>\n<\/ul>\n<p><\/p>\n<p><\/p>\n<ul>\n<li style=\"list-style-type: none;\">\n<ul>\n<li>Escuela de Psicolog\u00eda &#8220;MentesC\u00f3rdobesas&#8221;<\/li>\n<\/ul>\n<\/li>\n<\/ul>\n<p><\/p>\n<p><\/p>\n<ul>\n<li style=\"list-style-type: none;\">\n<ul>\n<li>Centro de Tecnolog\u00edas de la Comunicaci\u00f3n &#8220;ConectaC\u00f3rdoba&#8221;<\/li>\n<\/ul>\n<\/li>\n<\/ul>\n<p><\/p>\n<p><\/p>\n<ul>\n<li style=\"list-style-type: none;\">\n<ul>\n<li>Instituto de Astronom\u00eda &#8220;Estrellas C\u00f3rdobesas&#8221;<\/li>\n<\/ul>\n<\/li>\n<\/ul>\n<p><\/p>\n<p><\/p>\n<ul>\n<li style=\"list-style-type: none;\">\n<ul>\n<li>Escuela de Danza &#8220;RitmoC\u00f3rdoba&#8221;<\/li>\n<\/ul>\n<\/li>\n<\/ul>\n<p><\/p>\n<p><\/p>\n<ul>\n<li style=\"list-style-type: none;\">\n<ul>\n<li>Centro de Ciencias Ambientales &#8220;EcoVidaC\u00f3rdoba&#8221;<\/li>\n<\/ul>\n<\/li>\n<\/ul>\n<p><\/p>\n<p><\/p>\n<ul>\n<li style=\"list-style-type: none;\">\n<ul>\n<li>Academia de Arquitectura &#8220;Dise\u00f1oC\u00f3rdoba&#8221;<\/li>\n<\/ul>\n<\/li>\n<\/ul>\n<p><\/p>\n<p><\/p>\n<ul>\n<li style=\"list-style-type: none;\">\n<ul>\n<li>Instituto de Ciencias del Deporte &#8220;SportC\u00f3rdoba&#8221;<\/li>\n<\/ul>\n<\/li>\n<\/ul>\n<p><\/p>\n<p><\/p>\n<ul>\n<li style=\"list-style-type: none;\">\n<ul>\n<li>Escuela de Comunicaci\u00f3n Audiovisual &#8220;Visi\u00f3nC\u00f3rdoba&#8221;<\/li>\n<\/ul>\n<\/li>\n<\/ul>\n<p><\/p>\n<p><\/p>\n<ul>\n<li style=\"list-style-type: none;\">\n<ul>\n<li>Centro de Educaci\u00f3n Financiera &#8220;FinanzasC\u00f3rdoba&#8221;<\/li>\n<\/ul>\n<\/li>\n<\/ul>\n<p><\/p>\n<p><\/p>\n<\/details>\n<p><\/p>\n<p><\/p>\n<details class=\"wp-block-details is-layout-flow wp-block-details-is-layout-flow\">\n<summary>Corrientes<\/summary>\n<p><\/p>\n<ul class=\"wp-block-list\">\n<li style=\"list-style-type: none;\">\n<ul><\/ul>\n<\/li>\n<\/ul>\n<p>\u00a0<\/p>\n<ul>\n<li style=\"list-style-type: none;\">\n<ul>\n<li>Instituto de Tecnolog\u00eda e Innovaci\u00f3n &#8220;CorrienteTec&#8221;<\/li>\n<\/ul>\n<\/li>\n<\/ul>\n<p><\/p>\n<p><\/p>\n<ul>\n<li style=\"list-style-type: none;\">\n<ul>\n<li>Escuela de Artes y Cultura &#8220;ArteCorrientes&#8221;<\/li>\n<\/ul>\n<\/li>\n<\/ul>\n<p><\/p>\n<p><\/p>\n<ul>\n<li style=\"list-style-type: none;\">\n<ul>\n<li>Centro Gastron\u00f3mico &#8220;SaborCorrentino&#8221;<\/li>\n<\/ul>\n<\/li>\n<\/ul>\n<p><\/p>\n<p><\/p>\n<ul>\n<li style=\"list-style-type: none;\">\n<ul>\n<li>Instituto de Idiomas &#8220;LinguaCorrientes&#8221;<\/li>\n<\/ul>\n<\/li>\n<\/ul>\n<p><\/p>\n<p><\/p>\n<ul>\n<li style=\"list-style-type: none;\">\n<ul>\n<li>Escuela de Emprendimiento &#8220;EmprendeCorrientes&#8221;<\/li>\n<\/ul>\n<\/li>\n<\/ul>\n<p><\/p>\n<p><\/p>\n<\/details>\n<p><\/p>\n<p><\/p>\n<details class=\"wp-block-details is-layout-flow wp-block-details-is-layout-flow\">\n<summary>Entre R\u00edos<\/summary>\n<p><\/p>\n<ul class=\"wp-block-list\">\n<li style=\"list-style-type: none;\">\n<ul><\/ul>\n<\/li>\n<\/ul>\n<p>\u00a0<\/p>\n<ul>\n<li style=\"list-style-type: none;\">\n<ul>\n<li>.<\/li>\n<\/ul>\n<\/li>\n<\/ul>\n<p><\/p>\n<p><\/p>\n<\/details>\n<p><\/p>\n<p><\/p>\n<details class=\"wp-block-details is-layout-flow wp-block-details-is-layout-flow\">\n<summary>Formosa<\/summary>\n<p><\/p>\n<ul class=\"wp-block-list\">\n<li style=\"list-style-type: none;\">\n<ul><\/ul>\n<\/li>\n<\/ul>\n<p>\u00a0<\/p>\n<ul>\n<li style=\"list-style-type: none;\">\n<ul>\n<li>.<\/li>\n<\/ul>\n<\/li>\n<\/ul>\n<p><\/p>\n<p><\/p>\n<\/details>\n<p><\/p>\n<p><\/p>\n<details class=\"wp-block-details is-layout-flow wp-block-details-is-layout-flow\">\n<summary>Jujuy<\/summary>\n<p><\/p>\n<ul class=\"wp-block-list\">\n<li style=\"list-style-type: none;\">\n<ul><\/ul>\n<\/li>\n<\/ul>\n<p>\u00a0<\/p>\n<ul>\n<li style=\"list-style-type: none;\">\n<ul>\n<li>.<\/li>\n<\/ul>\n<\/li>\n<\/ul>\n<p><\/p>\n<p><\/p>\n<\/details>\n<p><\/p>\n<p><\/p>\n<details class=\"wp-block-details is-layout-flow wp-block-details-is-layout-flow\">\n<summary>La Pampa<\/summary>\n<p><\/p>\n<ul class=\"wp-block-list\">\n<li style=\"list-style-type: none;\">\n<ul><\/ul>\n<\/li>\n<\/ul>\n<p>\u00a0<\/p>\n<ul>\n<li style=\"list-style-type: none;\">\n<ul>\n<li>.<\/li>\n<\/ul>\n<\/li>\n<\/ul>\n<p><\/p>\n<p><\/p>\n<\/details>\n<p><\/p>\n<p><\/p>\n<details class=\"wp-block-details is-layout-flow wp-block-details-is-layout-flow\">\n<summary>La Rioja<\/summary>\n<p><\/p>\n<ul class=\"wp-block-list\">\n<li style=\"list-style-type: none;\">\n<ul><\/ul>\n<\/li>\n<\/ul>\n<p>\u00a0<\/p>\n<ul>\n<li style=\"list-style-type: none;\">\n<ul>\n<li>.<\/li>\n<\/ul>\n<\/li>\n<\/ul>\n<p><\/p>\n<p><\/p>\n<\/details>\n<p><\/p>\n<p><\/p>\n<details class=\"wp-block-details is-layout-flow wp-block-details-is-layout-flow\">\n<summary>Mendoza<\/summary>\n<p><\/p>\n<ul class=\"wp-block-list\">\n<li style=\"list-style-type: none;\">\n<ul><\/ul>\n<\/li>\n<\/ul>\n<p>\u00a0<\/p>\n<ul>\n<li style=\"list-style-type: none;\">\n<ul>\n<li>Estudio Vesto.<\/li>\n<\/ul>\n<\/li>\n<\/ul>\n<p><\/p>\n<p><\/p>\n<\/details>\n<p><\/p>\n<p><\/p>\n<details class=\"wp-block-details is-layout-flow wp-block-details-is-layout-flow\">\n<summary>Misiones<\/summary>\n<p><\/p>\n<ul class=\"wp-block-list\">\n<li style=\"list-style-type: none;\">\n<ul><\/ul>\n<\/li>\n<\/ul>\n<p>\u00a0<\/p>\n<ul>\n<li style=\"list-style-type: none;\">\n<ul>\n<li>.<\/li>\n<\/ul>\n<\/li>\n<\/ul>\n<p><\/p>\n<p><\/p>\n<\/details>\n<p><\/p>\n<p><\/p>\n<details class=\"wp-block-details is-layout-flow wp-block-details-is-layout-flow\">\n<summary>Neuqu\u00e9n<\/summary>\n<p><\/p>\n<ul class=\"wp-block-list\">\n<li style=\"list-style-type: none;\">\n<ul><\/ul>\n<\/li>\n<\/ul>\n<p>\u00a0<\/p>\n<ul>\n<li style=\"list-style-type: none;\">\n<ul>\n<li>.<\/li>\n<\/ul>\n<\/li>\n<\/ul>\n<p><\/p>\n<p><\/p>\n<\/details>\n<p><\/p>\n<p><\/p>\n<details class=\"wp-block-details is-layout-flow wp-block-details-is-layout-flow\">\n<summary>R\u00edo Negro<\/summary>\n<p><\/p>\n<ul class=\"wp-block-list\">\n<li style=\"list-style-type: none;\">\n<ul><\/ul>\n<\/li>\n<\/ul>\n<p>\u00a0<\/p>\n<ul>\n<li style=\"list-style-type: none;\">\n<ul>\n<li>Conectar | Agencia de Comunicaci\u00f3n Integral.<\/li>\n<\/ul>\n<\/li>\n<\/ul>\n<p><\/p>\n<p><\/p>\n<\/details>\n<p><\/p>\n<p><\/p>\n<details class=\"wp-block-details is-layout-flow wp-block-details-is-layout-flow\">\n<summary>Salta<\/summary>\n<p><\/p>\n<ul class=\"wp-block-list\">\n<li style=\"list-style-type: none;\">\n<ul><\/ul>\n<\/li>\n<\/ul>\n<p>\u00a0<\/p>\n<ul>\n<li style=\"list-style-type: none;\">\n<ul>\n<li>.<\/li>\n<\/ul>\n<\/li>\n<\/ul>\n<p><\/p>\n<p><\/p>\n<\/details>\n<p><\/p>\n<p><\/p>\n<details class=\"wp-block-details is-layout-flow wp-block-details-is-layout-flow\">\n<summary>San Juan<\/summary>\n<p><\/p>\n<ul class=\"wp-block-list\">\n<li style=\"list-style-type: none;\">\n<ul><\/ul>\n<\/li>\n<\/ul>\n<p>\u00a0<\/p>\n<ul>\n<li style=\"list-style-type: none;\">\n<ul>\n<li>.<\/li>\n<\/ul>\n<\/li>\n<\/ul>\n<p><\/p>\n<p><\/p>\n<\/details>\n<p><\/p>\n<p><\/p>\n<details class=\"wp-block-details is-layout-flow wp-block-details-is-layout-flow\">\n<summary>San Luis<\/summary>\n<p><\/p>\n<ul class=\"wp-block-list\">\n<li style=\"list-style-type: none;\">\n<ul><\/ul>\n<\/li>\n<\/ul>\n<p>\u00a0<\/p>\n<ul>\n<li style=\"list-style-type: none;\">\n<ul>\n<li>.<\/li>\n<\/ul>\n<\/li>\n<\/ul>\n<p><\/p>\n<p><\/p>\n<\/details>\n<p><\/p>\n<p><\/p>\n<details class=\"wp-block-details is-layout-flow wp-block-details-is-layout-flow\">\n<summary>Santa Cruz<\/summary>\n<p><\/p>\n<ul class=\"wp-block-list\">\n<li style=\"list-style-type: none;\">\n<ul><\/ul>\n<\/li>\n<\/ul>\n<p>\u00a0<\/p>\n<ul>\n<li style=\"list-style-type: none;\">\n<ul>\n<li>Santa Cruz Institute of english.<\/li>\n<\/ul>\n<\/li>\n<\/ul>\n<p><\/p>\n<p><\/p>\n<\/details>\n<p><\/p>\n<p><\/p>\n<details class=\"wp-block-details is-layout-flow wp-block-details-is-layout-flow\">\n<summary>Santa Fe<\/summary>\n<p><\/p>\n<ul class=\"wp-block-list\">\n<li style=\"list-style-type: none;\">\n<ul><\/ul>\n<\/li>\n<\/ul>\n<p>\u00a0<\/p>\n<ul>\n<li style=\"list-style-type: none;\">\n<ul>\n<li>Magdala Bisuter\u00eda.<\/li>\n<\/ul>\n<\/li>\n<\/ul>\n<p><\/p>\n<p><\/p>\n<\/details>\n<p><\/p>\n<p><\/p>\n<details class=\"wp-block-details is-layout-flow wp-block-details-is-layout-flow\">\n<summary>Santiago del Estero<\/summary>\n<p><\/p>\n<ul class=\"wp-block-list\">\n<li style=\"list-style-type: none;\">\n<ul><\/ul>\n<\/li>\n<\/ul>\n<p>\u00a0<\/p>\n<ul>\n<li style=\"list-style-type: none;\">\n<ul>\n<li>.<\/li>\n<\/ul>\n<\/li>\n<\/ul>\n<p><\/p>\n<p><\/p>\n<\/details>\n<p><\/p>\n<p><\/p>\n<details class=\"wp-block-details is-layout-flow wp-block-details-is-layout-flow\">\n<summary>Tierra del Fuego<\/summary>\n<p><\/p>\n<ul class=\"wp-block-list\">\n<li style=\"list-style-type: none;\">\n<ul><\/ul>\n<\/li>\n<\/ul>\n<p>\u00a0<\/p>\n<ul>\n<li style=\"list-style-type: none;\">\n<ul>\n<li>.<\/li>\n<\/ul>\n<\/li>\n<\/ul>\n<p><\/p>\n<p><\/p>\n<\/details>\n<p><\/p>\n<p><\/p>\n<details class=\"wp-block-details is-layout-flow wp-block-details-is-layout-flow\">\n<summary>Tucum\u00e1n<\/summary>\n<p><\/p>\n<ul class=\"wp-block-list\">\n<li style=\"list-style-type: none;\">\n<ul><\/ul>\n<\/li>\n<\/ul>\n<p>\u00a0<\/p>\n<ul>\n<li style=\"list-style-type: none;\">\n<ul>\n<li>.<\/li>\n<\/ul>\n<\/li>\n<\/ul>\n<p><\/p>\n<p><\/p>\n<\/details>\n<p><\/p>\t\t\t\t\t\t\t\t<\/div>\n\t\t\t\t<\/div>\n\t\t\t\t\t<\/div>\n\t\t\t\t<\/div>\n\t\t\t\t<\/div>\n\t\t","protected":false},"excerpt":{"rendered":"<p>Formaciones Avaladas + 0 Socios en todo el pa\u00eds + 0 Certificaciones Otorgadas + 0 En la SADP, nos enorgullece presentar a nuestra red de asociados que supera hoy los 550 profesionales provenientes de todas las regiones de Argentina. Nuestra comunidad es un vibrante mosaico de talento y diversidad, abarcando diversas provincias y especialidades, unidos [&hellip;]<\/p>\n","protected":false},"author":1,"featured_media":0,"parent":0,"menu_order":0,"comment_status":"closed","ping_status":"closed","template":"","meta":{"footnotes":""},"class_list":["post-112","page","type-page","status-publish","hentry"],"_links":{"self":[{"href":"https:\/\/sociedadargentina.org\/index.php\/wp-json\/wp\/v2\/pages\/112","targetHints":{"allow":["GET"]}}],"collection":[{"href":"https:\/\/sociedadargentina.org\/index.php\/wp-json\/wp\/v2\/pages"}],"about":[{"href":"https:\/\/sociedadargentina.org\/index.php\/wp-json\/wp\/v2\/types\/page"}],"author":[{"embeddable":true,"href":"https:\/\/sociedadargentina.org\/index.php\/wp-json\/wp\/v2\/users\/1"}],"replies":[{"embeddable":true,"href":"https:\/\/sociedadargentina.org\/index.php\/wp-json\/wp\/v2\/comments?post=112"}],"version-history":[{"count":110,"href":"https:\/\/sociedadargentina.org\/index.php\/wp-json\/wp\/v2\/pages\/112\/revisions"}],"predecessor-version":[{"id":414,"href":"https:\/\/sociedadargentina.org\/index.php\/wp-json\/wp\/v2\/pages\/112\/revisions\/414"}],"wp:attachment":[{"href":"https:\/\/sociedadargentina.org\/index.php\/wp-json\/wp\/v2\/media?parent=112"}],"curies":[{"name":"wp","href":"https:\/\/api.w.org\/{rel}","templated":true}]}}