{"id":117,"date":"2023-12-09T01:28:27","date_gmt":"2023-12-09T01:28:27","guid":{"rendered":"https:\/\/sociedadargentina.org\/?page_id=117"},"modified":"2023-12-11T15:28:08","modified_gmt":"2023-12-11T15:28:08","slug":"contacto","status":"publish","type":"page","link":"https:\/\/sociedadargentina.org\/index.php\/contacto\/","title":{"rendered":"Cont\u00e1ctenos"},"content":{"rendered":"\n<h3 class=\"wp-block-heading\">Centro de Atenci\u00f3n al socio\u00a0<a href=\"tel:08106664444\">+549 (11) 6214-2022<\/a><\/h3>\n\n\n\n<ul class=\"wp-block-list\">\n<li>El Centro de Atenci\u00f3n al socio est\u00e1 a tu disposici\u00f3n para brindarte la informaci\u00f3n que necesites. Pod\u00e9s realizar tus consultas de lunes a viernes de 9:00 hs a 18:00 hs.<\/li>\n\n\n\n<li>Informaci\u00f3n y orientaci\u00f3n sobre cursos y formaciones de la SADP.<\/li>\n\n\n\n<li>Contactate con nuestros operadores especialmente capacitados para resolver tus inquietudes.<\/li>\n\n\n\n<li>Si dese\u00e1s contactarnos v\u00eda web, ingres\u00e1 el motivo de tu consulta en siguiente formulario:<\/li>\n<\/ul>\n\n\n\n<script charset=\"utf-8\" type=\"text\/javascript\" src=\"\/\/js.hsforms.net\/forms\/embed\/v2.js\"><\/script>\n<script>\n  hbspt.forms.create({\n    region: \"na1\",\n    portalId: \"44643708\",\n    formId: \"d1d96fa1-cc8e-4e4d-aa86-65d4c2189760\"\n  });\n<\/script>\n","protected":false},"excerpt":{"rendered":"<p>Centro de Atenci\u00f3n al socio\u00a0+549 (11) 6214-2022<\/p>\n","protected":false},"author":1,"featured_media":0,"parent":0,"menu_order":0,"comment_status":"closed","ping_status":"closed","template":"","meta":{"footnotes":""},"class_list":["post-117","page","type-page","status-publish","hentry"],"_links":{"self":[{"href":"https:\/\/sociedadargentina.org\/index.php\/wp-json\/wp\/v2\/pages\/117","targetHints":{"allow":["GET"]}}],"collection":[{"href":"https:\/\/sociedadargentina.org\/index.php\/wp-json\/wp\/v2\/pages"}],"about":[{"href":"https:\/\/sociedadargentina.org\/index.php\/wp-json\/wp\/v2\/types\/page"}],"author":[{"embeddable":true,"href":"https:\/\/sociedadargentina.org\/index.php\/wp-json\/wp\/v2\/users\/1"}],"replies":[{"embeddable":true,"href":"https:\/\/sociedadargentina.org\/index.php\/wp-json\/wp\/v2\/comments?post=117"}],"version-history":[{"count":9,"href":"https:\/\/sociedadargentina.org\/index.php\/wp-json\/wp\/v2\/pages\/117\/revisions"}],"predecessor-version":[{"id":187,"href":"https:\/\/sociedadargentina.org\/index.php\/wp-json\/wp\/v2\/pages\/117\/revisions\/187"}],"wp:attachment":[{"href":"https:\/\/sociedadargentina.org\/index.php\/wp-json\/wp\/v2\/media?parent=117"}],"curies":[{"name":"wp","href":"https:\/\/api.w.org\/{rel}","templated":true}]}}